{"id":13508,"date":"2023-12-18T11:58:58","date_gmt":"2023-12-18T11:58:58","guid":{"rendered":"https:\/\/www.therme-laa.at\/prihlaseni-k-odberu-zpravodaje\/"},"modified":"2024-07-22T08:01:07","modified_gmt":"2024-07-22T08:01:07","slug":"prihlaseni-k-odberu-zpravodaje","status":"publish","type":"page","link":"https:\/\/www.therme-laa.at\/cs\/prihlaseni-k-odberu-zpravodaje\/","title":{"rendered":"P\u0159ihl\u00e1\u0161en\u00ed k odb\u011bru newsletteru"},"content":{"rendered":"\n<div class=\"wp-block-cover alignfull\" style=\"min-height:500px;aspect-ratio:unset;\"><span aria-hidden=\"true\" class=\"wp-block-cover__background has-background-dim\"><\/span><img loading=\"lazy\" decoding=\"async\" width=\"1440\" height=\"500\" class=\"wp-block-cover__image-background wp-image-2333\" alt=\"\" src=\"https:\/\/www.therme-laa.at\/wp-content\/uploads\/2023\/12\/Therme-Laa-Aussenbereich-Banner-1440x500-px.webp\" style=\"object-position:49% 21%\" data-object-fit=\"cover\" data-object-position=\"49% 21%\" srcset=\"https:\/\/www.therme-laa.at\/wp-content\/uploads\/2023\/12\/Therme-Laa-Aussenbereich-Banner-1440x500-px.webp 1440w, https:\/\/www.therme-laa.at\/wp-content\/uploads\/2023\/12\/Therme-Laa-Aussenbereich-Banner-1440x500-px-300x104.webp 300w, https:\/\/www.therme-laa.at\/wp-content\/uploads\/2023\/12\/Therme-Laa-Aussenbereich-Banner-1440x500-px-1024x356.webp 1024w, https:\/\/www.therme-laa.at\/wp-content\/uploads\/2023\/12\/Therme-Laa-Aussenbereich-Banner-1440x500-px-768x267.webp 768w\" sizes=\"auto, (max-width: 1440px) 100vw, 1440px\" \/><div class=\"wp-block-cover__inner-container is-layout-constrained wp-block-cover-is-layout-constrained\">\n<h1 class=\"wp-block-heading has-text-align-center\" style=\"font-size:5rem\">P\u0158IHL\u00c1\u0160EN\u00cd K ODB\u011aRU NEWSLETTERU<\/h1>\n<\/div><\/div>\n\n<div style=\"height:50px\" aria-hidden=\"true\" class=\"wp-block-spacer\"><\/div>\n<nav class=\"breadcrumb w-full container mb-6 sm:mb-12 text-blue-200\">\n    <ol class=\"inline-flex items-center space-x-1 md:space-x-2\">\n\t\t                        <li>\n                            <div class=\"flex items-center uppercase\" style=\"color:#05405D\">\n                                <a class=\"ms-1 text-xs md:text-sm\" href=\"https:\/\/www.therme-laa.at\/ueber-uns\/\" target=\"_self\">\n\t\t\t\t\t\t\t\t\tUnternehmen                                <\/a>\n                                <svg class=\"w-3 h-3 mx-1\" aria-hidden=\"true\" xmlns=\"http:\/\/www.w3.org\/2000\/svg\" fill=\"none\" viewBox=\"0 0 6 10\">\n                                    <path stroke=\"currentColor\" stroke-linecap=\"round\" stroke-linejoin=\"round\" stroke-width=\"2\" d=\"m1 9 4-4-4-4\"\/>\n                                <\/svg>\n                            <\/div>\n                        <\/li>\n\t\t\t\t\t                        <li>\n                            <div class=\"flex items-center uppercase\" style=\"color:#05405D\">\n                                <a class=\"ms-1 text-xs md:text-sm\" href=\"#\" target=\"_self\">\n\t\t\t\t\t\t\t\t\tNewsletter anmelden                                <\/a>\n                                <svg class=\"w-3 h-3 mx-1\" aria-hidden=\"true\" xmlns=\"http:\/\/www.w3.org\/2000\/svg\" fill=\"none\" viewBox=\"0 0 6 10\">\n                                    <path stroke=\"currentColor\" stroke-linecap=\"round\" stroke-linejoin=\"round\" stroke-width=\"2\" d=\"m1 9 4-4-4-4\"\/>\n                                <\/svg>\n                            <\/div>\n                        <\/li>\n\t\t\t\t\t    <\/ol>\n<\/nav>\n<div class=\"wp-block-group is-layout-constrained wp-block-group-is-layout-constrained\">\n<div class=\"wp-block-columns page-has-side-nav is-layout-flex wp-container-core-columns-is-layout-28f84493 wp-block-columns-is-layout-flex\">\n<div class=\"wp-block-column is-layout-flow wp-block-column-is-layout-flow\" style=\"flex-basis:33.3%\">\n<article class=\"wp-block-group is-layout-constrained wp-block-group-is-layout-constrained\" style=\"margin-top:0;margin-bottom:0\">\n<aside class=\"wp-block-group links page-has-side-nav is-vertical is-content-justification-left is-layout-flex wp-container-core-group-is-layout-72ea3a63 wp-block-group-is-layout-flex wp-container-1 is-position-sticky\" style=\"margin-top:0;margin-bottom:0;padding-top:var(--wp--preset--spacing--50)\">\n<p class=\"has-dch-blue-color has-text-color has-link-color has-dch-brandon-grotesque-regular-font-family has-medium-font-size wp-elements-8f8d09932c70d5f93459175e36737d91 wp-container-content-9cfa9a5a\"><a href=\"https:\/\/www.therme-laa.at\/cs\/o-nas\/\" data-type=\"page\" data-id=\"1953\">O N\u00c1S<\/a><\/p>\n\n\n\n<p class=\"has-dch-blue-color has-text-color has-link-color has-dch-brandon-grotesque-regular-font-family has-medium-font-size wp-elements-585875356d7cbad25dfe89e11f8be4ba wp-container-content-9cfa9a5a\"><a href=\"https:\/\/www.therme-laa.at\/cs\/kariera\/\" data-type=\"page\" data-id=\"4583\">Pr\u00e1ce a kari\u00e9ra<\/a><\/p>\n\n\n\n<p class=\"has-dch-blue-color has-text-color has-link-color has-dch-brandon-grotesque-regular-font-family has-medium-font-size wp-elements-b4bdb8fa5880d5884e3cfa22aeca64fe wp-container-content-9cfa9a5a\"><a href=\"https:\/\/www.therme-laa.at\/cs\/revizni-prace\/\" data-type=\"page\" data-id=\"2314\">Revizn\u00ed pr\u00e1ce<\/a><\/p>\n\n\n\n<p class=\"has-dch-blue-color has-text-color has-link-color has-dch-brandon-grotesque-regular-font-family has-medium-font-size wp-elements-a192cb156d26786babf0508fca72ca6e wp-container-content-9cfa9a5a\"><a href=\"\/udr&#x17E;itelnost a hospoda&#x159;en&#xED; s energi&#xED;\/\">UDR\u017dITELNOST &amp;  <\/a><br\/><a href=\"https:\/\/www.therme-laa.at\/cs\/udrzitelnost-a-energeticky-management\/\">\u0158\u00cdZEN\u00cd SPOT\u0158EBY ENERGIE<\/a><\/p>\n\n\n\n<p class=\"has-dch-blue-color has-text-color has-link-color has-dch-brandon-grotesque-regular-font-family has-medium-font-size wp-elements-c2208f74636e161d94a04c4d7f4c63f5 wp-container-content-9cfa9a5a\"><a href=\"https:\/\/www.therme-laa.at\/cs\/misto-a-prijezd\/\" data-type=\"page\" data-id=\"2411\">Um\u00edst\u011bn\u00ed &amp; p\u0159\u00edjezd<\/a><\/p>\n\n\n\n<p class=\"has-dch-blue-color has-text-color has-link-color has-dch-brandon-grotesque-regular-font-family has-medium-font-size wp-elements-d68cd3018e80425921c50a68268a69a6 wp-container-content-9cfa9a5a\"><a href=\"https:\/\/www.therme-laa.at\/cs\/zadost-o-akci\/\" data-type=\"page\" data-id=\"5570\">VY\u017dADUJTE UD\u00c1LOST<\/a><\/p>\n\n\n\n<p class=\"has-dch-blue-color has-text-color has-link-color has-dch-brandon-grotesque-regular-font-family has-medium-font-size wp-elements-86316390b9b39f9ee3016c562556faf3 wp-container-content-9cfa9a5a\"><a href=\"\/hotel-enquiries\/\" data-type=\"page\" data-id=\"5570\">HOTEL REQUEST<\/a><\/p>\n\n\n\n<p class=\"has-dch-blue-color has-text-color has-link-color has-dch-brandon-grotesque-regular-font-family has-medium-font-size wp-elements-c4f9686234a6eb38af182a503aa53d3f wp-container-content-9cfa9a5a\"><a href=\"\/subscribe-newsletter\/\" data-type=\"page\" data-id=\"3771\">P\u0158IHL\u00c1\u0160EN\u00cd K ODB\u011aRU NEWSLETTERU<\/a><\/p>\n\n\n\n<p class=\"has-dch-blue-color has-text-color has-link-color has-dch-brandon-grotesque-regular-font-family has-medium-font-size wp-elements-3f7227fd7ad528c475af67568ccd01d8 wp-container-content-9cfa9a5a\"><a href=\"https:\/\/www.therme-laa.at\/cs\/tisk\/\" data-type=\"page\" data-id=\"2349\">TISK<\/a><\/p>\n\n\n\n<p class=\"has-dch-blue-color has-text-color has-link-color has-dch-brandon-grotesque-regular-font-family has-medium-font-size wp-elements-46cd9c39ebcf4631a0020aea8602c3b1 wp-container-content-9cfa9a5a\"><a href=\"https:\/\/www.therme-laa.at\/cs\/faq\/\" data-type=\"page\" data-id=\"1891\">FAQ<\/a><\/p>\n\n\n\n<p class=\"has-dch-blue-color has-text-color has-link-color has-dch-brandon-grotesque-regular-font-family has-medium-font-size wp-elements-3658b943832dcbac605b13c997d205d7 wp-container-content-9cfa9a5a\"><a href=\"https:\/\/www.therme-laa.at\/cs\/kontakt\/\" data-type=\"page\" data-id=\"161\">KONTAKT<\/a><\/p>\n<\/aside>\n<\/article>\n<\/div>\n\n\n\n<div class=\"wp-block-column p-4 md:p-0 is-layout-flow wp-block-column-is-layout-flow\" style=\"flex-basis:66.6%\">\n<h2 class=\"wp-block-heading has-dch-blue-color has-text-color has-link-color wp-elements-d04fd83d5996512acf1afddd54698cc4\" style=\"margin-bottom:var(--wp--preset--spacing--40)\">P\u0159ihl\u00e1\u0161en\u00ed k odb\u011bru newsletteru<\/h2>\n\n\n<iframe loading=\"lazy\" src=\"https:\/\/dm-mailinglist.com\/subscribe?f=cb40c7b6\" height=\"1600px\" width=\"100%\" title=\"Newsletter CZ\"><\/iframe><\/div>\n<\/div>\n<\/div>\n\n<div style=\"height:100px\" aria-hidden=\"true\" class=\"wp-block-spacer\"><\/div>\n","protected":false},"excerpt":{"rendered":"<p>P\u0159ihl\u00e1\u0161en\u00ed k odb\u011bru newsletteru<\/p>\n","protected":false},"author":2,"featured_media":0,"parent":0,"menu_order":0,"comment_status":"closed","ping_status":"closed","template":"","meta":{"_acf_changed":false,"footnotes":""},"class_list":["post-13508","page","type-page","status-publish","hentry"],"acf":[],"_links":{"self":[{"href":"https:\/\/www.therme-laa.at\/cs\/wp-json\/wp\/v2\/pages\/13508","targetHints":{"allow":["GET"]}}],"collection":[{"href":"https:\/\/www.therme-laa.at\/cs\/wp-json\/wp\/v2\/pages"}],"about":[{"href":"https:\/\/www.therme-laa.at\/cs\/wp-json\/wp\/v2\/types\/page"}],"author":[{"embeddable":true,"href":"https:\/\/www.therme-laa.at\/cs\/wp-json\/wp\/v2\/users\/2"}],"replies":[{"embeddable":true,"href":"https:\/\/www.therme-laa.at\/cs\/wp-json\/wp\/v2\/comments?post=13508"}],"version-history":[{"count":13,"href":"https:\/\/www.therme-laa.at\/cs\/wp-json\/wp\/v2\/pages\/13508\/revisions"}],"predecessor-version":[{"id":18877,"href":"https:\/\/www.therme-laa.at\/cs\/wp-json\/wp\/v2\/pages\/13508\/revisions\/18877"}],"wp:attachment":[{"href":"https:\/\/www.therme-laa.at\/cs\/wp-json\/wp\/v2\/media?parent=13508"}],"curies":[{"name":"wp","href":"https:\/\/api.w.org\/{rel}","templated":true}]}}