{"id":13496,"date":"2023-12-07T14:15:18","date_gmt":"2023-12-07T14:15:18","guid":{"rendered":"https:\/\/www.therme-laa.at\/misto-a-prijezd\/"},"modified":"2024-08-06T09:01:49","modified_gmt":"2024-08-06T09:01:49","slug":"misto-a-prijezd","status":"publish","type":"page","link":"https:\/\/www.therme-laa.at\/cs\/misto-a-prijezd\/","title":{"rendered":"M\u00edsto a p\u0159\u00edjezd"},"content":{"rendered":"\n<div class=\"wp-block-cover alignfull\" style=\"min-height:500px;aspect-ratio:unset;\"><span aria-hidden=\"true\" class=\"wp-block-cover__background has-dch-gold-dark-background-color has-background-dim-20 has-background-dim\"><\/span><img loading=\"lazy\" decoding=\"async\" width=\"1440\" height=\"500\" class=\"wp-block-cover__image-background wp-image-2333\" alt=\"\" src=\"https:\/\/www.therme-laa.at\/wp-content\/uploads\/2023\/12\/Therme-Laa-Aussenbereich-Banner-1440x500-px.webp\" style=\"object-position:50% 30%\" data-object-fit=\"cover\" data-object-position=\"50% 30%\" srcset=\"https:\/\/www.therme-laa.at\/wp-content\/uploads\/2023\/12\/Therme-Laa-Aussenbereich-Banner-1440x500-px.webp 1440w, https:\/\/www.therme-laa.at\/wp-content\/uploads\/2023\/12\/Therme-Laa-Aussenbereich-Banner-1440x500-px-300x104.webp 300w, https:\/\/www.therme-laa.at\/wp-content\/uploads\/2023\/12\/Therme-Laa-Aussenbereich-Banner-1440x500-px-1024x356.webp 1024w, https:\/\/www.therme-laa.at\/wp-content\/uploads\/2023\/12\/Therme-Laa-Aussenbereich-Banner-1440x500-px-768x267.webp 768w\" sizes=\"auto, (max-width: 1440px) 100vw, 1440px\" \/><div class=\"wp-block-cover__inner-container is-layout-constrained wp-block-cover-is-layout-constrained\">\n<h1 class=\"wp-block-heading has-text-align-center has-dch-white-color has-text-color has-link-color has-dch-brandon-grotesque-medium-font-family wp-elements-02d6dc342cd0d30ad696da0bf6409e40\" style=\"font-size:5rem;letter-spacing:2px;text-transform:uppercase\">M\u00edsto a p\u0159\u00edjezd<\/h1>\n<\/div><\/div>\n\n\n\n<div style=\"height:50px\" aria-hidden=\"true\" class=\"wp-block-spacer\"><\/div>\n\n\n<nav class=\"breadcrumb w-full container mb-6 sm:mb-12 text-blue-200\">\n    <ol class=\"inline-flex items-center space-x-1 md:space-x-2\">\n\t\t                        <li>\n                            <div class=\"flex items-center uppercase\" style=\"color:#05405D\">\n                                <a class=\"ms-1 text-xs md:text-sm\" href=\"https:\/\/www.therme-laa.at\/cs\/o-nas\/\" target=\"_self\">\n\t\t\t\t\t\t\t\t\tspole\u010dnost                                <\/a>\n                                <svg class=\"w-3 h-3 mx-1\" aria-hidden=\"true\" xmlns=\"http:\/\/www.w3.org\/2000\/svg\" fill=\"none\" viewBox=\"0 0 6 10\">\n                                    <path stroke=\"currentColor\" stroke-linecap=\"round\" stroke-linejoin=\"round\" stroke-width=\"2\" d=\"m1 9 4-4-4-4\"\/>\n                                <\/svg>\n                            <\/div>\n                        <\/li>\n\t\t\t\t\t                        <li>\n                            <div class=\"flex items-center uppercase\" style=\"color:#05405D\">\n                                <a class=\"ms-1 text-xs md:text-sm\" href=\"#\" target=\"_self\">\n\t\t\t\t\t\t\t\t\tM\u00edsto a p\u0159\u00edjezd                                <\/a>\n                                <svg class=\"w-3 h-3 mx-1\" aria-hidden=\"true\" xmlns=\"http:\/\/www.w3.org\/2000\/svg\" fill=\"none\" viewBox=\"0 0 6 10\">\n                                    <path stroke=\"currentColor\" stroke-linecap=\"round\" stroke-linejoin=\"round\" stroke-width=\"2\" d=\"m1 9 4-4-4-4\"\/>\n                                <\/svg>\n                            <\/div>\n                        <\/li>\n\t\t\t\t\t    <\/ol>\n<\/nav>\n\n\n<div class=\"wp-block-group is-layout-constrained wp-block-group-is-layout-constrained\">\n<div class=\"wp-block-columns page-has-side-nav is-layout-flex wp-container-core-columns-is-layout-28f84493 wp-block-columns-is-layout-flex\">\n<div class=\"wp-block-column is-layout-flow wp-block-column-is-layout-flow\" style=\"flex-basis:33.3%\">\n<article class=\"wp-block-group is-layout-constrained wp-block-group-is-layout-constrained\" style=\"margin-top:0;margin-bottom:0\">\n<aside class=\"wp-block-group links page-has-side-nav is-vertical is-content-justification-left is-layout-flex wp-container-core-group-is-layout-72ea3a63 wp-block-group-is-layout-flex wp-container-1 is-position-sticky\" style=\"margin-top:0;margin-bottom:0;padding-top:var(--wp--preset--spacing--50)\">\n<p class=\"has-dch-blue-color has-text-color has-link-color has-dch-brandon-grotesque-regular-font-family has-medium-font-size wp-elements-8f8d09932c70d5f93459175e36737d91 wp-container-content-9cfa9a5a\"><a href=\"https:\/\/www.therme-laa.at\/cs\/o-nas\/\" data-type=\"page\" data-id=\"1953\">O N\u00c1S<\/a><\/p>\n\n\n\n<p class=\"has-dch-blue-color has-text-color has-link-color has-dch-brandon-grotesque-regular-font-family has-medium-font-size wp-elements-585875356d7cbad25dfe89e11f8be4ba wp-container-content-9cfa9a5a\"><a href=\"https:\/\/www.therme-laa.at\/cs\/kariera\/\" data-type=\"page\" data-id=\"4583\">Pr\u00e1ce a kari\u00e9ra<\/a><\/p>\n\n\n\n<p class=\"has-dch-blue-color has-text-color has-link-color has-dch-brandon-grotesque-regular-font-family has-medium-font-size wp-elements-b4bdb8fa5880d5884e3cfa22aeca64fe wp-container-content-9cfa9a5a\"><a href=\"https:\/\/www.therme-laa.at\/cs\/revizni-prace\/\" data-type=\"page\" data-id=\"2314\">Revizn\u00ed pr\u00e1ce<\/a><\/p>\n\n\n\n<p class=\"has-dch-blue-color has-text-color has-link-color has-dch-brandon-grotesque-regular-font-family has-medium-font-size wp-elements-a192cb156d26786babf0508fca72ca6e wp-container-content-9cfa9a5a\"><a href=\"\/udr&#x17E;itelnost a hospoda&#x159;en&#xED; s energi&#xED;\/\">UDR\u017dITELNOST &amp;  <\/a><br\/><a href=\"https:\/\/www.therme-laa.at\/cs\/udrzitelnost-a-energeticky-management\/\">\u0158\u00cdZEN\u00cd SPOT\u0158EBY ENERGIE<\/a><\/p>\n\n\n\n<p class=\"has-dch-blue-color has-text-color has-link-color has-dch-brandon-grotesque-regular-font-family has-medium-font-size wp-elements-c2208f74636e161d94a04c4d7f4c63f5 wp-container-content-9cfa9a5a\"><a href=\"https:\/\/www.therme-laa.at\/cs\/misto-a-prijezd\/\" data-type=\"page\" data-id=\"2411\">Um\u00edst\u011bn\u00ed &amp; p\u0159\u00edjezd<\/a><\/p>\n\n\n\n<p class=\"has-dch-blue-color has-text-color has-link-color has-dch-brandon-grotesque-regular-font-family has-medium-font-size wp-elements-d68cd3018e80425921c50a68268a69a6 wp-container-content-9cfa9a5a\"><a href=\"https:\/\/www.therme-laa.at\/cs\/zadost-o-akci\/\" data-type=\"page\" data-id=\"5570\">VY\u017dADUJTE UD\u00c1LOST<\/a><\/p>\n\n\n\n<p class=\"has-dch-blue-color has-text-color has-link-color has-dch-brandon-grotesque-regular-font-family has-medium-font-size wp-elements-86316390b9b39f9ee3016c562556faf3 wp-container-content-9cfa9a5a\"><a href=\"\/hotel-enquiries\/\" data-type=\"page\" data-id=\"5570\">HOTEL REQUEST<\/a><\/p>\n\n\n\n<p class=\"has-dch-blue-color has-text-color has-link-color has-dch-brandon-grotesque-regular-font-family has-medium-font-size wp-elements-c4f9686234a6eb38af182a503aa53d3f wp-container-content-9cfa9a5a\"><a href=\"\/subscribe-newsletter\/\" data-type=\"page\" data-id=\"3771\">P\u0158IHL\u00c1\u0160EN\u00cd K ODB\u011aRU NEWSLETTERU<\/a><\/p>\n\n\n\n<p class=\"has-dch-blue-color has-text-color has-link-color has-dch-brandon-grotesque-regular-font-family has-medium-font-size wp-elements-3f7227fd7ad528c475af67568ccd01d8 wp-container-content-9cfa9a5a\"><a href=\"https:\/\/www.therme-laa.at\/cs\/tisk\/\" data-type=\"page\" data-id=\"2349\">TISK<\/a><\/p>\n\n\n\n<p class=\"has-dch-blue-color has-text-color has-link-color has-dch-brandon-grotesque-regular-font-family has-medium-font-size wp-elements-46cd9c39ebcf4631a0020aea8602c3b1 wp-container-content-9cfa9a5a\"><a href=\"https:\/\/www.therme-laa.at\/cs\/faq\/\" data-type=\"page\" data-id=\"1891\">FAQ<\/a><\/p>\n\n\n\n<p class=\"has-dch-blue-color has-text-color has-link-color has-dch-brandon-grotesque-regular-font-family has-medium-font-size wp-elements-3658b943832dcbac605b13c997d205d7 wp-container-content-9cfa9a5a\"><a href=\"https:\/\/www.therme-laa.at\/cs\/kontakt\/\" data-type=\"page\" data-id=\"161\">KONTAKT<\/a><\/p>\n<\/aside>\n<\/article>\n<\/div>\n\n\n\n<div class=\"wp-block-column p-4 md:p-0 is-layout-flow wp-block-column-is-layout-flow\" style=\"flex-basis:66.6%\">\n<h2 class=\"wp-block-heading has-dch-blue-color has-text-color has-link-color wp-elements-49e1b25fddab76cfc559826d627e5897\" style=\"margin-bottom:var(--wp--preset--spacing--40)\">M\u00edsto a p\u0159\u00edjezd: Jak se k n\u00e1m dostanete<\/h2>\n\n\n\n<p>Do resortu se dostanete po dvou r\u016fzn\u00fdch p\u0159\u00edjezdov\u00fdch cest\u00e1ch: jedna vede k hotelu a druh\u00e1 k ve\u0159ejn\u00fdm term\u00e1ln\u00edm l\u00e1zn\u00edm a k SILENT SPA. Abyste bezpe\u010dn\u011b dojeli do c\u00edle, v\u011bnujte pozornost zna\u010den\u00edm a adrese, kterou zad\u00e1v\u00e1te do naviga\u010dn\u00edho syst\u00e9mu:<\/p>\n\n\n\n<div style=\"height:20px\" aria-hidden=\"true\" class=\"wp-block-spacer\"><\/div>\n\n\n\n<p><strong>Pro hotelov\u00e9 hosty:<\/strong><br>Pro hotel Therme Laa zadejte &#8222;Thermenplatz 3&#8220;.<br><\/p>\n\n\n\n<p><strong>Pro hosty term\u00e1ln\u00edch l\u00e1zn\u00ed a SILENT SPA:<\/strong><\/p>\n\n\n\n<p>Pokud chcete nav\u0161t\u00edvit<strong> <\/strong>ve\u0159ejn\u00e9 term\u00e1ln\u00ed l\u00e1zn\u011b (&#8222;Therme Laa&#8220;) nebo SILENT SPA<strong> <\/strong>, zadejte &#8222;Thermenplatz 1&#8220;. <\/p>\n\n\n\n<p><\/p>\n\n\n\n<p><strong>Pozn\u00e1mka pro hosty SILENT SPA: <\/strong><br>U l\u00e1zn\u00ed SILENT SPA je k dispozici samostatn\u00e9 parkovi\u0161t\u011b za z\u00e1vorou. To se nach\u00e1z\u00ed p\u0159\u00edmo u vchodu a n\u00e1v\u0161t\u011bvn\u00edci SILENT SPA ho mohou vyu\u017e\u00edvat zdarma.<\/p>\n\n\n\n<div style=\"height:20px\" aria-hidden=\"true\" class=\"wp-block-spacer\"><\/div>\n\n\n\n<figure class=\"wp-block-image size-large\"><img loading=\"lazy\" decoding=\"async\" width=\"1024\" height=\"1024\" src=\"https:\/\/www.therme-laa.at\/wp-content\/uploads\/2023\/12\/Anreise-Lage-Plan-1024x1024.webp\" alt=\"\" class=\"wp-image-2485\" srcset=\"https:\/\/www.therme-laa.at\/wp-content\/uploads\/2023\/12\/Anreise-Lage-Plan-1024x1024.webp 1024w, https:\/\/www.therme-laa.at\/wp-content\/uploads\/2023\/12\/Anreise-Lage-Plan-300x300.webp 300w, https:\/\/www.therme-laa.at\/wp-content\/uploads\/2023\/12\/Anreise-Lage-Plan-150x150.webp 150w, https:\/\/www.therme-laa.at\/wp-content\/uploads\/2023\/12\/Anreise-Lage-Plan-768x768.webp 768w, https:\/\/www.therme-laa.at\/wp-content\/uploads\/2023\/12\/Anreise-Lage-Plan.webp 1500w\" sizes=\"auto, (max-width: 1024px) 100vw, 1024px\" \/><\/figure>\n\n\n\n<div style=\"height:50px\" aria-hidden=\"true\" class=\"wp-block-spacer\"><\/div>\n\n\n\n<h3 class=\"wp-block-heading has-dch-blue-color has-text-color has-link-color wp-elements-f9b919c3c7cef2ad44ccb85f5fe54cfe\">Vlakem \u010di autobusem:<\/h3>\n\n\n\n<div style=\"height:20px\" aria-hidden=\"true\" class=\"wp-block-spacer\"><\/div>\n\n\n\n<p>Vlakem: z Meidlingu, Wien Mitte, Wien Nord nebo Floridsdorfu je\u010fte linkou S2 do Laa a. d. Thaya. Autobusem z Brna -Zvona\u0159ka linkou 104 a\u017e k term\u00e1ln\u00edm l\u00e1zn\u00edm a zp\u011bt. Vlakov\u00e9 n\u00e1dra\u017e\u00ed Laa a. d. Thaya je od term\u00e1ln\u00edch l\u00e1zn\u00ed vzd\u00e1leno pouh\u00fdch 200 metr\u016f, od hotelu cca 500m. Autobusov\u00e1 zast\u00e1vka linky 104 z Brna se nach\u00e1z\u00ed p\u00e1r krok\u016f od term\u00e1ln\u00edch l\u00e1zn\u00ed, od hotelu pak cca 250m. <\/p>\n\n\n\n<div style=\"height:20px\" aria-hidden=\"true\" class=\"wp-block-spacer\"><\/div>\n\n\n\n<p>Pro hotelov\u00e9 hosty je k dispozici bezplatn\u00e1 kyvadlov\u00e1 doprava, kter\u00e1 v\u00e1s pohodln\u011b doprav\u00ed z vlakov\u00e9ho n\u00e1dra\u017e\u00ed do hotelu. Tuto slu\u017ebu si vy\u017e\u00e1dejte na telefonn\u00edm \u010d\u00edsle (0043)2522 \/ 84700 740.<\/p>\n\n\n\n<div style=\"height:20px\" aria-hidden=\"true\" class=\"wp-block-spacer\"><\/div>\n\n\n\n<p>Vlakov\u00e9 spojen\u00ed a informace z\u00edsk\u00e1te v callcentru \u00d6BB na tel. 05-1717 za m\u00edstn\u00ed sazbu nebo na <a href=\"http:\/\/www.oebb.at\/\" target=\"_blank\" rel=\"noreferrer noopener\">www.oebb.at<\/a>.<br><strong>N\u00e1\u0161 tip:<\/strong> Vyu\u017eijte v\u00fdhodnou j\u00edzdenku &#8222;Einfach-Raus-Ticket&#8220;!<\/p>\n\n\n\n<div style=\"height:50px\" aria-hidden=\"true\" class=\"wp-block-spacer\"><\/div>\n\n\n\n<h3 class=\"wp-block-heading has-dch-blue-color has-text-color has-link-color wp-elements-73c6d3154b2f7b25a402ce05ef622035\">Autem:<\/h3>\n\n\n\n<div style=\"height:20px\" aria-hidden=\"true\" class=\"wp-block-spacer\"><\/div>\n\n\n\n<p>V p\u0159\u00edpad\u011b p\u0159\u00edjezdu z Brna po d\u00e1lnici D2, u Poho\u0159elic odbo\u010dit sm\u011br Drnholec, Hru\u0161ovany nad Jevi\u0161ovkou a hrani\u010dn\u00ed p\u0159echod Hevl\u00edn\/Laa a.d.Thaya. <\/p>\n\n\n\n<div style=\"height:20px\" aria-hidden=\"true\" class=\"wp-block-spacer\"><\/div>\n\n\n\n<p>Z V\u00eddn\u011b po silnici B7\/A5 p\u0159es Wolkersdorf sm\u011brem na Mistelbach. Na sjezdu Schrick\/Mistelbach pokra\u010dujte po silnici B46 sm\u011brem na Laa a. d. Thaya.<\/p>\n\n\n\n<div style=\"height:20px\" aria-hidden=\"true\" class=\"wp-block-spacer\"><\/div>\n\n\n\n<p>P\u0159\u00edjezd z Mikulova sm\u011br Pottenhofen, Wildend\u00fcrnbach, Laa a.d. Thaya. Za h\u0159bitovem a kolejemi prvn\u00ed odbo\u010dka doleva sm\u011br  klasick\u00e9 l\u00e1zn\u011b Therme Laa a Silent Spa, t\u0159et\u00ed odbo\u010dka doleva pak hotelov\u00fd komplex a SIlent Villas. <\/p>\n\n\n\n<div style=\"height:20px\" aria-hidden=\"true\" class=\"wp-block-spacer\"><\/div>\n\n\n\n<h4 class=\"wp-block-heading has-dch-white-color has-dch-gold-dark-villas-background-color has-text-color has-background has-link-color wp-elements-6d0202923d2ad4429356615b35e3b891\" style=\"margin-bottom:0;padding-top:20px;padding-bottom:0px\">Tip pro va\u0161e elektrick\u00e9 auto: <\/h4>\n\n\n\n<p class=\"has-dch-white-color has-dch-gold-dark-villas-background-color has-text-color has-background has-link-color wp-elements-af30518a46144a7dd509444bab2b8473\">U n\u00e1s si m\u016f\u017eete dob\u00edt V\u00e1\u0161 elektromobil bezpe\u010dn\u011b a pohodln\u011b. V podzemn\u00edm hotelov\u00e9m parkovi\u0161ti a na ve\u0159ejn\u00e9m parkovi\u0161ti term\u00e1ln\u00edch l\u00e1zn\u00ed jsou k dispozici <strong>v\u017edy dv\u011b parkovac\u00ed m\u00edsta s dob\u00edjec\u00edmi stanicemi (z\u00e1str\u010dka typu 2).<\/strong> Pou\u017eit\u00ed dob\u00edjec\u00ed stanice je za poplatek.<\/p>\n\n\n\n<div style=\"height:50px\" aria-hidden=\"true\" class=\"wp-block-spacer\"><\/div>\n\n\n\n<h3 class=\"wp-block-heading has-dch-blue-color has-text-color has-link-color wp-elements-67ccfefb12f331bea9082861f82f8e3b\">Letadlem:<\/h3>\n\n\n\n<div style=\"height:20px\" aria-hidden=\"true\" class=\"wp-block-spacer\"><\/div>\n\n\n\n<p>Z leti\u0161t\u011b V\u00edde\u0148-Schwechat jezd\u00ed pravideln\u00e9 vlaky do Laa an der Thaya, kde se nach\u00e1z\u00ed Therme Laa &#8211; Hotel &amp; Silent Spa.<\/p>\n<\/div>\n<\/div>\n<\/div>\n","protected":false},"excerpt":{"rendered":"<p>M\u00edsto a p\u0159\u00edjezd: Jak se k n\u00e1m dostanete Do resortu se dostanete po dvou r\u016fzn\u00fdch p\u0159\u00edjezdov\u00fdch cest\u00e1ch: jedna vede k hotelu a druh\u00e1 k ve\u0159ejn\u00fdm term\u00e1ln\u00edm l\u00e1zn\u00edm a[&#8230;..]<\/p>\n","protected":false},"author":2,"featured_media":0,"parent":0,"menu_order":0,"comment_status":"closed","ping_status":"closed","template":"","meta":{"_acf_changed":false,"footnotes":""},"class_list":["post-13496","page","type-page","status-publish","hentry"],"acf":[],"_links":{"self":[{"href":"https:\/\/www.therme-laa.at\/cs\/wp-json\/wp\/v2\/pages\/13496","targetHints":{"allow":["GET"]}}],"collection":[{"href":"https:\/\/www.therme-laa.at\/cs\/wp-json\/wp\/v2\/pages"}],"about":[{"href":"https:\/\/www.therme-laa.at\/cs\/wp-json\/wp\/v2\/types\/page"}],"author":[{"embeddable":true,"href":"https:\/\/www.therme-laa.at\/cs\/wp-json\/wp\/v2\/users\/2"}],"replies":[{"embeddable":true,"href":"https:\/\/www.therme-laa.at\/cs\/wp-json\/wp\/v2\/comments?post=13496"}],"version-history":[{"count":10,"href":"https:\/\/www.therme-laa.at\/cs\/wp-json\/wp\/v2\/pages\/13496\/revisions"}],"predecessor-version":[{"id":19364,"href":"https:\/\/www.therme-laa.at\/cs\/wp-json\/wp\/v2\/pages\/13496\/revisions\/19364"}],"wp:attachment":[{"href":"https:\/\/www.therme-laa.at\/cs\/wp-json\/wp\/v2\/media?parent=13496"}],"curies":[{"name":"wp","href":"https:\/\/api.w.org\/{rel}","templated":true}]}}