{"id":13492,"date":"2023-11-02T20:46:56","date_gmt":"2023-11-02T20:46:56","guid":{"rendered":"https:\/\/www.therme-laa.at\/kontakt\/"},"modified":"2024-10-23T10:22:35","modified_gmt":"2024-10-23T10:22:35","slug":"kontakt","status":"publish","type":"page","link":"https:\/\/www.therme-laa.at\/cs\/kontakt\/","title":{"rendered":"Napi\u0161te n\u00e1m"},"content":{"rendered":"\n<div class=\"wp-block-cover alignfull is-light wp-elements-a91bb7a6108dd4173a3435cfe491cd5b\" style=\"margin-top:0;padding-top:0px;padding-right:48px;padding-bottom:0px;padding-left:48px;min-height:75vh;aspect-ratio:unset;\"><span aria-hidden=\"true\" class=\"wp-block-cover__background has-dch-gold-dark-background-color has-background-dim-10 has-background-dim\"><\/span><video class=\"wp-block-cover__video-background intrinsic-ignore\" autoplay muted loop playsinline src=\"https:\/\/www.therme-laa.at\/wp-content\/uploads\/2024\/03\/Therme_Laa_Kontakt_Header12334.mp4\" data-object-fit=\"cover\"><\/video><div class=\"wp-block-cover__inner-container is-layout-flow wp-block-cover-is-layout-flow\">\n<h1 class=\"wp-block-heading has-text-align-center has-dch-white-color has-text-color has-link-color has-dch-brandon-grotesque-medium-font-family wp-elements-91a147a3736373093d47214860c076f7\" style=\"font-size:5rem;letter-spacing:2px;text-transform:uppercase\">Napi\u0161te n\u00e1m<\/h1>\n<\/div><\/div>\n\n\n\n<div style=\"height:50px\" aria-hidden=\"true\" class=\"wp-block-spacer\"><\/div>\n\n\n<nav class=\"breadcrumb w-full container mb-6 sm:mb-12 text-blue-200\">\n    <ol class=\"inline-flex items-center space-x-1 md:space-x-2\">\n\t\t                        <li>\n                            <div class=\"flex items-center uppercase\" style=\"color:#05405D\">\n                                <a class=\"ms-1 text-xs md:text-sm\" href=\"https:\/\/www.therme-laa.at\/ueber-uns\/\" target=\"_self\">\n\t\t\t\t\t\t\t\t\tUnternehmen                                <\/a>\n                                <svg class=\"w-3 h-3 mx-1\" aria-hidden=\"true\" xmlns=\"http:\/\/www.w3.org\/2000\/svg\" fill=\"none\" viewBox=\"0 0 6 10\">\n                                    <path stroke=\"currentColor\" stroke-linecap=\"round\" stroke-linejoin=\"round\" stroke-width=\"2\" d=\"m1 9 4-4-4-4\"\/>\n                                <\/svg>\n                            <\/div>\n                        <\/li>\n\t\t\t\t\t                        <li>\n                            <div class=\"flex items-center uppercase\" style=\"color:#05405D\">\n                                <a class=\"ms-1 text-xs md:text-sm\" href=\"#\" target=\"_self\">\n\t\t\t\t\t\t\t\t\tKontakt                                <\/a>\n                                <svg class=\"w-3 h-3 mx-1\" aria-hidden=\"true\" xmlns=\"http:\/\/www.w3.org\/2000\/svg\" fill=\"none\" viewBox=\"0 0 6 10\">\n                                    <path stroke=\"currentColor\" stroke-linecap=\"round\" stroke-linejoin=\"round\" stroke-width=\"2\" d=\"m1 9 4-4-4-4\"\/>\n                                <\/svg>\n                            <\/div>\n                        <\/li>\n\t\t\t\t\t    <\/ol>\n<\/nav>\n\n\n<div class=\"wp-block-group alignwide is-layout-constrained wp-block-group-is-layout-constrained\">\n<div class=\"wp-block-columns page-has-side-nav is-layout-flex wp-container-core-columns-is-layout-9c22b1e3 wp-block-columns-is-layout-flex\">\n<div class=\"wp-block-column is-layout-flow wp-block-column-is-layout-flow\" style=\"flex-basis:33.33%\">\n<article class=\"wp-block-group is-layout-constrained wp-block-group-is-layout-constrained\" style=\"margin-top:0;margin-bottom:0\">\n<aside class=\"wp-block-group links page-has-side-nav is-vertical is-content-justification-left is-layout-flex wp-container-core-group-is-layout-72ea3a63 wp-block-group-is-layout-flex wp-container-1 is-position-sticky\" style=\"margin-top:0;margin-bottom:0;padding-top:var(--wp--preset--spacing--50)\">\n<p class=\"has-dch-blue-color has-text-color has-link-color has-dch-brandon-grotesque-regular-font-family has-medium-font-size wp-elements-8f8d09932c70d5f93459175e36737d91 wp-container-content-9cfa9a5a\"><a href=\"https:\/\/www.therme-laa.at\/cs\/o-nas\/\" data-type=\"page\" data-id=\"1953\">O N\u00c1S<\/a><\/p>\n\n\n\n<p class=\"has-dch-blue-color has-text-color has-link-color has-dch-brandon-grotesque-regular-font-family has-medium-font-size wp-elements-585875356d7cbad25dfe89e11f8be4ba wp-container-content-9cfa9a5a\"><a href=\"https:\/\/www.therme-laa.at\/cs\/kariera\/\" data-type=\"page\" data-id=\"4583\">Pr\u00e1ce a kari\u00e9ra<\/a><\/p>\n\n\n\n<p class=\"has-dch-blue-color has-text-color has-link-color has-dch-brandon-grotesque-regular-font-family has-medium-font-size wp-elements-b4bdb8fa5880d5884e3cfa22aeca64fe wp-container-content-9cfa9a5a\"><a href=\"https:\/\/www.therme-laa.at\/cs\/revizni-prace\/\" data-type=\"page\" data-id=\"2314\">Revizn\u00ed pr\u00e1ce<\/a><\/p>\n\n\n\n<p class=\"has-dch-blue-color has-text-color has-link-color has-dch-brandon-grotesque-regular-font-family has-medium-font-size wp-elements-a192cb156d26786babf0508fca72ca6e wp-container-content-9cfa9a5a\"><a href=\"\/udr&#x17E;itelnost a hospoda&#x159;en&#xED; s energi&#xED;\/\">UDR\u017dITELNOST &amp;  <\/a><br\/><a href=\"https:\/\/www.therme-laa.at\/cs\/udrzitelnost-a-energeticky-management\/\">\u0158\u00cdZEN\u00cd SPOT\u0158EBY ENERGIE<\/a><\/p>\n\n\n\n<p class=\"has-dch-blue-color has-text-color has-link-color has-dch-brandon-grotesque-regular-font-family has-medium-font-size wp-elements-c2208f74636e161d94a04c4d7f4c63f5 wp-container-content-9cfa9a5a\"><a href=\"https:\/\/www.therme-laa.at\/cs\/misto-a-prijezd\/\" data-type=\"page\" data-id=\"2411\">Um\u00edst\u011bn\u00ed &amp; p\u0159\u00edjezd<\/a><\/p>\n\n\n\n<p class=\"has-dch-blue-color has-text-color has-link-color has-dch-brandon-grotesque-regular-font-family has-medium-font-size wp-elements-d68cd3018e80425921c50a68268a69a6 wp-container-content-9cfa9a5a\"><a href=\"https:\/\/www.therme-laa.at\/cs\/zadost-o-akci\/\" data-type=\"page\" data-id=\"5570\">VY\u017dADUJTE UD\u00c1LOST<\/a><\/p>\n\n\n\n<p class=\"has-dch-blue-color has-text-color has-link-color has-dch-brandon-grotesque-regular-font-family has-medium-font-size wp-elements-86316390b9b39f9ee3016c562556faf3 wp-container-content-9cfa9a5a\"><a href=\"\/hotel-enquiries\/\" data-type=\"page\" data-id=\"5570\">HOTEL REQUEST<\/a><\/p>\n\n\n\n<p class=\"has-dch-blue-color has-text-color has-link-color has-dch-brandon-grotesque-regular-font-family has-medium-font-size wp-elements-c4f9686234a6eb38af182a503aa53d3f wp-container-content-9cfa9a5a\"><a href=\"\/subscribe-newsletter\/\" data-type=\"page\" data-id=\"3771\">P\u0158IHL\u00c1\u0160EN\u00cd K ODB\u011aRU NEWSLETTERU<\/a><\/p>\n\n\n\n<p class=\"has-dch-blue-color has-text-color has-link-color has-dch-brandon-grotesque-regular-font-family has-medium-font-size wp-elements-3f7227fd7ad528c475af67568ccd01d8 wp-container-content-9cfa9a5a\"><a href=\"https:\/\/www.therme-laa.at\/cs\/tisk\/\" data-type=\"page\" data-id=\"2349\">TISK<\/a><\/p>\n\n\n\n<p class=\"has-dch-blue-color has-text-color has-link-color has-dch-brandon-grotesque-regular-font-family has-medium-font-size wp-elements-46cd9c39ebcf4631a0020aea8602c3b1 wp-container-content-9cfa9a5a\"><a href=\"https:\/\/www.therme-laa.at\/cs\/faq\/\" data-type=\"page\" data-id=\"1891\">FAQ<\/a><\/p>\n\n\n\n<p class=\"has-dch-blue-color has-text-color has-link-color has-dch-brandon-grotesque-regular-font-family has-medium-font-size wp-elements-3658b943832dcbac605b13c997d205d7 wp-container-content-9cfa9a5a\"><a href=\"https:\/\/www.therme-laa.at\/cs\/kontakt\/\" data-type=\"page\" data-id=\"161\">KONTAKT<\/a><\/p>\n<\/aside>\n<\/article>\n<\/div>\n\n\n\n<div class=\"wp-block-column is-layout-flow wp-block-column-is-layout-flow\" style=\"flex-basis:66.66%\">\n<h2 class=\"wp-block-heading has-dch-blue-color has-text-color has-link-color wp-elements-f813ff3589235b537cca9d026d0a063f\">Spojte se s n\u00e1mi<\/h2>\n\n\n\n<div style=\"height:30px\" aria-hidden=\"true\" class=\"wp-block-spacer\"><\/div>\n\n\n\n<h3 class=\"wp-block-heading has-dch-blue-color has-text-color has-link-color has-large-font-size wp-elements-5e4c1d7f6cc33ad39c4f3ec5697cfc3f\" style=\"margin-top:0;margin-bottom:var(--wp--preset--spacing--30);text-transform:uppercase\">Therme Laa I Hotel I Silent Spa I VILLAS<\/h3>\n\n\n\n<div style=\"height:20px\" aria-hidden=\"true\" class=\"wp-block-spacer\"><\/div>\n\n\n\n<div class=\"wp-block-columns are-vertically-aligned-top has-medium-font-size is-layout-flex wp-container-core-columns-is-layout-83d8d5f7 wp-block-columns-is-layout-flex\" style=\"padding-top:0;padding-right:0;padding-bottom:0;padding-left:0\">\n<div class=\"wp-block-column is-vertically-aligned-top is-layout-flow wp-container-core-column-is-layout-c43c6636 wp-block-column-is-layout-flow\" style=\"padding-right:0;padding-left:0\">\n<p class=\"has-medium-font-size\" style=\"margin-top:0;margin-right:0;margin-bottom:0;margin-left:0;padding-top:0;padding-right:0;padding-bottom:0;padding-left:0\"><strong>HOTEL<\/strong><br>Thermenplatz 3<br>A-2136 Laa a. d. Thaya<br><\/p>\n\n\n\n<p class=\"has-medium-font-size\" style=\"margin-top:var(--wp--preset--spacing--40);margin-bottom:0;padding-top:0;padding-right:0;padding-bottom:0;padding-left:0\"><strong>Tel.:<\/strong> <a href=\"tel:+43202522208420700\">+43 2522 84 700<\/a><br><strong>Email:<\/strong> <a href=\"mailto:hotel@therme-laa.at\">hotel@therme-laa.at<\/a><\/p>\n\n\n\n<div style=\"height:38px\" aria-hidden=\"true\" class=\"wp-block-spacer\"><\/div>\n\n\n\n<p class=\"has-medium-font-size\" style=\"margin-top:var(--wp--preset--spacing--50)\"><strong>MAS\u00c1\u017dE A KOSMETIKA:<br><\/strong><a href=\"mailto:spa.reservierung@therme-laa.at\" target=\"_blank\" rel=\"noreferrer noopener\">spa.reservierung@therme-laa.at<\/a><\/p>\n<\/div>\n\n\n\n<div class=\"wp-block-column is-vertically-aligned-top is-layout-flow wp-container-core-column-is-layout-8a368f38 wp-block-column-is-layout-flow\">\n<p class=\"has-medium-font-size\" style=\"margin-top:0\"><strong>TERM\u00c1LY<\/strong><br>Thermenplatz 1<br>A-2136 Laa a. d. Thaya<br><\/p>\n\n\n\n<p class=\"has-medium-font-size\" style=\"margin-top:var(--wp--preset--spacing--40)\"><strong>Tel.:<\/strong> <a href=\"tel:+43202522208420700\">+43 2522 84 700<\/a><br><strong>Email:<\/strong> <a href=\"mailto:therme@therme-laa.at\">therme@therme-laa.at<\/a><\/p>\n<\/div>\n\n\n\n<div class=\"wp-block-column is-vertically-aligned-top is-layout-flow wp-block-column-is-layout-flow\">\n<p class=\"has-medium-font-size\" style=\"margin-top:0\"><strong>SILENT SPA<\/strong><br>Thermenplatz 1<br>A-2136 Laa a. d. Thaya<br><\/p>\n\n\n\n<p class=\"has-medium-font-size\" style=\"margin-top:var(--wp--preset--spacing--40)\"><strong>Tel.: <\/strong><a href=\"tel:+43202522208420700\">+43 2522 84 700<\/a><br><strong>Email:<\/strong> <a href=\"mailto:silentspa@therme-laa.at\">silentspa@therme-laa.at<\/a><\/p>\n<\/div>\n\n\n\n<div class=\"wp-block-column is-vertically-aligned-top is-layout-flow wp-block-column-is-layout-flow\">\n<p class=\"has-medium-font-size\" style=\"margin-top:0\"><strong>VILLAS<\/strong><br>Thermenplatz 1<br>A-2136 Laa a. d. Thaya<br><\/p>\n\n\n\n<p class=\"has-medium-font-size\" style=\"margin-top:var(--wp--preset--spacing--40)\"><strong>Tel.: <\/strong><a href=\"tel:+43202522208420700\">+43 2522 84 700<\/a><br><strong>Email:<\/strong> <a href=\"mailto:silentspa@therme-laa.at\">rezeption@silent.villas<\/a><\/p>\n<\/div>\n<\/div>\n\n\n\n<div style=\"height:40px\" aria-hidden=\"true\" class=\"wp-block-spacer\"><\/div>\n\n\n\n<div class=\"wp-block-group alignwide is-layout-constrained wp-container-core-group-is-layout-55a0b918 wp-block-group-is-layout-constrained\" id=\"contact\">\n<div class=\"wp-block-columns alignwide has-dch-white-background-color has-background is-layout-flex wp-container-core-columns-is-layout-cad298ab wp-block-columns-is-layout-flex\" style=\"padding-right:var(--wp--preset--spacing--60);padding-left:var(--wp--preset--spacing--60)\">\n<div class=\"wp-block-column is-layout-flow wp-block-column-is-layout-flow\">\n<h3 class=\"wp-block-heading has-text-align-left has-dch-gold-color has-text-color has-link-color has-xx-large-font-size wp-elements-35e9e7ef592bd029e522e595405325ce\" id=\"gutscheine\" style=\"padding-top:var(--wp--preset--spacing--60);padding-bottom:0;padding-left:0\">Va\u0161e popt\u00e1vka<\/h3>\n\n\n\n<p class=\"has-dch-brandon-grotesque-regular-font-family has-medium-font-size\" style=\"margin-top:var(--wp--preset--spacing--40);margin-right:0;margin-bottom:0;margin-left:0\">Jednodu\u0161e a nez\u00e1vazn\u011b si vy\u017e\u00e1dejte informace.<\/p>\n\n\n\n<div style=\"height:40px\" aria-hidden=\"true\" class=\"wp-block-spacer\"><\/div>\n\n\n<div class=\"wpforms-container wpforms-container-full wpforms-block wpforms-block-5e55a1df-7300-4d60-841e-bb530a73d9a5 offer-form3 wpforms-render-modern\" id=\"wpforms-12999\"><form id=\"wpforms-form-12999\" class=\"wpforms-validate wpforms-form wpforms-ajax-form\" data-formid=\"12999\" method=\"post\" enctype=\"multipart\/form-data\" action=\"\/cs\/wp-json\/wp\/v2\/pages\/13492\" data-token=\"965ee0af218c0e237489d4e1b5f662f3\" data-token-time=\"1777433416\"><noscript class=\"wpforms-error-noscript\">Chcete-li vyplnit tento formul\u00e1\u0159, pros\u00edm povolte v prohl\u00ed\u017ee\u010di JavaScript.<\/noscript><div class=\"wpforms-hidden\" id=\"wpforms-error-noscript\">Chcete-li vyplnit tento formul\u00e1\u0159, pros\u00edm povolte v prohl\u00ed\u017ee\u010di JavaScript.<\/div><div class=\"wpforms-field-container\"><div id=\"wpforms-12999-field_38-container\" class=\"wpforms-field wpforms-field-select wpforms-field-select-style-modern\" data-field-id=\"38\"><label class=\"wpforms-field-label\" for=\"wpforms-12999-field_38\">D\u016fvod kontaktu \/ d\u016fvod dotazu <span class=\"wpforms-required-label\" aria-hidden=\"true\">*<\/span><\/label><select id=\"wpforms-12999-field_38\" class=\"wpforms-field-large wpforms-field-required choicesjs-select\" data-size-class=\"wpforms-field-row wpforms-field-large\" data-search-enabled=\"1\" name=\"wpforms[fields][38]\" required=\"required\"><option value=\"\" class=\"placeholder\" disabled ><\/option><option value=\"hotel@therme-laa.at\"  selected='selected'>Obecn\u00fd dotaz<\/option><option value=\"hotel@therme-laa.at\" >Hotel<\/option><option value=\"therme@therme-laa.at\" >Term\u00e1ly<\/option><option value=\"rezeption@silent.villas\" >Silent Villas<\/option><option value=\"silentspa@therme-laa.at\" >Silent Spa<\/option><option value=\"seminar@therme-laa.at\" >Semin\u00e1\u0159<\/option><option value=\"restaurant@therme-laa.at\" >Kulin\u00e1\u0159stv\u00ed<\/option><option value=\"spa.reservierung@therme-laa.at\" >L\u00e9\u010dba<\/option><option value=\"info@therme-laa.at\" >Zp\u011btn\u00e1 vazba<\/option><\/select><\/div><div id=\"wpforms-12999-field_16-container\" class=\"wpforms-field wpforms-field-divider\" data-field-id=\"16\"><h3 id=\"wpforms-12999-field_16\" aria-errormessage=\"wpforms-12999-field_16-error\">OSOBN\u00cd \u00daDAJE<\/h3><\/div><div id=\"wpforms-12999-field_48-container\" class=\"wpforms-field wpforms-field-layout\" data-field-id=\"48\"><div class=\"wpforms-field-layout-columns wpforms-field-layout-preset-50-50\"><div class=\"wpforms-layout-column wpforms-layout-column-50\" ><div id=\"wpforms-12999-field_42-container\" class=\"wpforms-field wpforms-field-select wpforms-field-select-style-classic\" data-field-id=\"42\"><label class=\"wpforms-field-label\" for=\"wpforms-12999-field_42\">Osloven\u00ed <span class=\"wpforms-required-label\" aria-hidden=\"true\">*<\/span><\/label><select id=\"wpforms-12999-field_42\" class=\"wpforms-field-large wpforms-field-required\" name=\"wpforms[fields][42]\" required=\"required\"><option value=\"Pan\" >Pan<\/option><option value=\"Pan\u00ed\" >Pan\u00ed<\/option><option value=\"Diverzn\u00ed\" >Diverzn\u00ed<\/option><\/select><\/div><div id=\"wpforms-12999-field_21-container\" class=\"wpforms-field wpforms-field-text\" data-field-id=\"21\"><label class=\"wpforms-field-label\" for=\"wpforms-12999-field_21\">Jm\u00e9no <span class=\"wpforms-required-label\" aria-hidden=\"true\">*<\/span><\/label><input type=\"text\" id=\"wpforms-12999-field_21\" class=\"wpforms-field-large wpforms-field-required\" name=\"wpforms[fields][21]\" placeholder=\"Jm\u00e9no\" aria-errormessage=\"wpforms-12999-field_21-error\" required><\/div><\/div><div class=\"wpforms-layout-column wpforms-layout-column-50\" ><div id=\"wpforms-12999-field_20-container\" class=\"wpforms-field wpforms-field-text\" data-field-id=\"20\"><label class=\"wpforms-field-label\" for=\"wpforms-12999-field_20\">Titul<\/label><input type=\"text\" id=\"wpforms-12999-field_20\" class=\"wpforms-field-large\" name=\"wpforms[fields][20]\" placeholder=\"Titul\" aria-errormessage=\"wpforms-12999-field_20-error\" ><\/div><div id=\"wpforms-12999-field_22-container\" class=\"wpforms-field wpforms-field-text\" data-field-id=\"22\"><label class=\"wpforms-field-label\" for=\"wpforms-12999-field_22\">P\u0159\u00edjmen\u00ed <span class=\"wpforms-required-label\" aria-hidden=\"true\">*<\/span><\/label><input type=\"text\" id=\"wpforms-12999-field_22\" class=\"wpforms-field-large wpforms-field-required\" name=\"wpforms[fields][22]\" placeholder=\"P\u0159\u00edjmen\u00ed\" aria-errormessage=\"wpforms-12999-field_22-error\" required><\/div><\/div><\/div><\/div><div id=\"wpforms-12999-field_23-container\" class=\"wpforms-field wpforms-field-email\" data-field-id=\"23\"><label class=\"wpforms-field-label\" for=\"wpforms-12999-field_23\">e-mail <span class=\"wpforms-required-label\" aria-hidden=\"true\">*<\/span><\/label><input type=\"email\" id=\"wpforms-12999-field_23\" class=\"wpforms-field-large wpforms-field-required\" name=\"wpforms[fields][23]\" placeholder=\"muster@therme-laa.at\" spellcheck=\"false\" aria-errormessage=\"wpforms-12999-field_23-error\" required><\/div><div id=\"wpforms-12999-field_24-container\" class=\"wpforms-field wpforms-field-phone\" data-field-id=\"24\"><label class=\"wpforms-field-label\" for=\"wpforms-12999-field_24\">Telefonn\u00ed \u010d\u00edslo <span class=\"wpforms-required-label\" aria-hidden=\"true\">*<\/span><\/label><input type=\"tel\" id=\"wpforms-12999-field_24\" class=\"wpforms-field-large wpforms-field-required\" data-rule-int-phone-field=\"true\" name=\"wpforms[fields][24]\" placeholder=\"Telefonn\u00ed \u010d\u00edslo\" aria-label=\"Telefonn\u00ed \u010d\u00edslo\" aria-errormessage=\"wpforms-12999-field_24-error\" required><\/div><div id=\"wpforms-12999-field_26-container\" class=\"wpforms-field wpforms-field-textarea\" data-field-id=\"26\"><label class=\"wpforms-field-label\" for=\"wpforms-12999-field_26\">Zpr\u00e1va<\/label><textarea id=\"wpforms-12999-field_26\" class=\"wpforms-field-large wpforms-limit-words-enabled\" data-form-id=\"12999\" data-field-id=\"26\" data-text-limit=\"500\" name=\"wpforms[fields][26]\" aria-errormessage=\"wpforms-12999-field_26-error\" ><\/textarea><\/div><div id=\"wpforms-12999-field_44-container\" class=\"wpforms-field wpforms-field-checkbox\" data-field-id=\"44\"><fieldset><legend class=\"wpforms-field-label wpforms-label-hide\" aria-hidden=\"false\">ochrana \u00fadaj\u016f <span class=\"wpforms-required-label\" aria-hidden=\"true\">*<\/span><\/legend><ul id=\"wpforms-12999-field_44\" class=\"wpforms-field-required\"><li class=\"choice-1 depth-1\"><input type=\"checkbox\" id=\"wpforms-12999-field_44_1\" name=\"wpforms[fields][44][]\" value=\"Souhlas\u00edm se z\u00e1sadami ochrany osobn\u00edch \u00fadaj\u016f*\" aria-errormessage=\"wpforms-12999-field_44_1-error\" required ><label class=\"wpforms-field-label-inline\" for=\"wpforms-12999-field_44_1\">Souhlas\u00edm se z\u00e1sadami ochrany osobn\u00edch \u00fadaj\u016f*<\/label><\/li><\/ul><\/fieldset><\/div><div id=\"wpforms-12999-field_49-container\" class=\"wpforms-field wpforms-field-checkbox\" data-field-id=\"49\"><fieldset><legend class=\"wpforms-field-label wpforms-label-hide\" aria-hidden=\"false\">newsletter<\/legend><ul id=\"wpforms-12999-field_49\"><li class=\"choice-2 depth-1\"><input type=\"checkbox\" id=\"wpforms-12999-field_49_2\" name=\"wpforms[fields][49][]\" value=\"Chci pravideln\u011b dost\u00e1vat propaga\u010dn\u00ed akce a novinky prost\u0159ednictv\u00edm newsletteru\" aria-errormessage=\"wpforms-12999-field_49_2-error\"  ><label class=\"wpforms-field-label-inline\" for=\"wpforms-12999-field_49_2\">Chci pravideln\u011b dost\u00e1vat propaga\u010dn\u00ed akce a novinky prost\u0159ednictv\u00edm newsletteru<\/label><\/li><\/ul><\/fieldset><\/div><\/div><!-- .wpforms-field-container --><div class=\"wpforms-recaptcha-container wpforms-is-recaptcha wpforms-is-recaptcha-type-v3\" ><input type=\"hidden\" name=\"wpforms[recaptcha]\" value=\"\"><\/div><div class=\"wpforms-submit-container\" ><input type=\"hidden\" name=\"wpforms[id]\" value=\"12999\"><input type=\"hidden\" name=\"page_title\" value=\"\"><input type=\"hidden\" name=\"page_url\" value=\"https:\/\/www.therme-laa.at\/cs\/wp-json\/wp\/v2\/pages\/13492\"><input type=\"hidden\" name=\"url_referer\" value=\"\"><button type=\"submit\" name=\"wpforms[submit]\" id=\"wpforms-submit-12999\" class=\"wpforms-submit submit\" data-alt-text=\"Odeslat...\" data-submit-text=\"ODESLAT ZPR\u00c1VU\" aria-live=\"assertive\" value=\"wpforms-submit\">ODESLAT ZPR\u00c1VU<\/button><img loading=\"lazy\" decoding=\"async\" src=\"https:\/\/www.therme-laa.at\/wp-content\/plugins\/wpforms\/assets\/images\/submit-spin.svg\" class=\"wpforms-submit-spinner\" style=\"display: none;\" width=\"26\" height=\"26\" alt=\"Na\u010d\u00edt\u00e1n\u00ed\"><\/div><\/form><\/div>  <!-- .wpforms-container -->\n\n\n<div style=\"height:40px\" aria-hidden=\"true\" class=\"wp-block-spacer\"><\/div>\n<\/div>\n<\/div>\n<\/div>\n<\/div>\n<\/div>\n<\/div>\n","protected":false},"excerpt":{"rendered":"<p>Spojte se s n\u00e1mi Therme Laa I Hotel I Silent Spa I VILLAS HOTELThermenplatz 3A-2136 Laa a. d. Thaya Tel.: +43 2522 84 700Email: hotel@therme-laa.at MAS\u00c1\u017dE A KOSMETIKA:spa.reservierung@therme-laa.at[&#8230;..]<\/p>\n","protected":false},"author":2,"featured_media":10035,"parent":0,"menu_order":0,"comment_status":"closed","ping_status":"closed","template":"","meta":{"_acf_changed":false,"footnotes":""},"class_list":["post-13492","page","type-page","status-publish","has-post-thumbnail","hentry"],"acf":[],"_links":{"self":[{"href":"https:\/\/www.therme-laa.at\/cs\/wp-json\/wp\/v2\/pages\/13492","targetHints":{"allow":["GET"]}}],"collection":[{"href":"https:\/\/www.therme-laa.at\/cs\/wp-json\/wp\/v2\/pages"}],"about":[{"href":"https:\/\/www.therme-laa.at\/cs\/wp-json\/wp\/v2\/types\/page"}],"author":[{"embeddable":true,"href":"https:\/\/www.therme-laa.at\/cs\/wp-json\/wp\/v2\/users\/2"}],"replies":[{"embeddable":true,"href":"https:\/\/www.therme-laa.at\/cs\/wp-json\/wp\/v2\/comments?post=13492"}],"version-history":[{"count":12,"href":"https:\/\/www.therme-laa.at\/cs\/wp-json\/wp\/v2\/pages\/13492\/revisions"}],"predecessor-version":[{"id":20833,"href":"https:\/\/www.therme-laa.at\/cs\/wp-json\/wp\/v2\/pages\/13492\/revisions\/20833"}],"wp:featuredmedia":[{"embeddable":true,"href":"https:\/\/www.therme-laa.at\/cs\/wp-json\/wp\/v2\/media\/10035"}],"wp:attachment":[{"href":"https:\/\/www.therme-laa.at\/cs\/wp-json\/wp\/v2\/media?parent=13492"}],"curies":[{"name":"wp","href":"https:\/\/api.w.org\/{rel}","templated":true}]}}