{"id":12561,"date":"2024-01-08T09:44:46","date_gmt":"2024-01-08T09:44:46","guid":{"rendered":"https:\/\/www.therme-laa.at\/zadost-o-akci\/"},"modified":"2024-05-16T14:26:43","modified_gmt":"2024-05-16T14:26:43","slug":"zadost-o-akci","status":"publish","type":"page","link":"https:\/\/www.therme-laa.at\/cs\/zadost-o-akci\/","title":{"rendered":"Popt\u00e1vka akce"},"content":{"rendered":"\n<div class=\"wp-block-cover alignfull is-light wp-elements-86d2e41a3ee54f55b1fe97325ca14210\" style=\"margin-top:0;padding-top:0px;padding-right:48px;padding-bottom:0px;padding-left:48px;min-height:500px;aspect-ratio:unset;\"><span aria-hidden=\"true\" class=\"wp-block-cover__background has-dch-primary-background-color has-background-dim-30 has-background-dim\"><\/span><img loading=\"lazy\" decoding=\"async\" width=\"1400\" height=\"630\" class=\"wp-block-cover__image-background wp-image-2825\" alt=\"\" src=\"https:\/\/www.therme-laa.at\/wp-content\/uploads\/2023\/12\/MICE_Grosser-Rraum_header_1900x1200.webp\" data-object-fit=\"cover\" srcset=\"https:\/\/www.therme-laa.at\/wp-content\/uploads\/2023\/12\/MICE_Grosser-Rraum_header_1900x1200.webp 1400w, https:\/\/www.therme-laa.at\/wp-content\/uploads\/2023\/12\/MICE_Grosser-Rraum_header_1900x1200-300x135.webp 300w, https:\/\/www.therme-laa.at\/wp-content\/uploads\/2023\/12\/MICE_Grosser-Rraum_header_1900x1200-1024x461.webp 1024w, https:\/\/www.therme-laa.at\/wp-content\/uploads\/2023\/12\/MICE_Grosser-Rraum_header_1900x1200-768x346.webp 768w\" sizes=\"auto, (max-width: 1400px) 100vw, 1400px\" \/><div class=\"wp-block-cover__inner-container is-layout-flow wp-block-cover-is-layout-flow\">\n<h1 class=\"wp-block-heading has-text-align-center has-dch-white-color has-text-color has-link-color has-dch-brandon-grotesque-medium-font-family wp-elements-8a60d494329a59e64b2235da36eace6f\" style=\"font-size:5rem;letter-spacing:2px;text-transform:uppercase\">Poptat <\/h1>\n\n\n\n<h1 class=\"wp-block-heading has-text-align-center has-dch-white-color has-text-color has-link-color has-dch-brandon-grotesque-medium-font-family wp-elements-10fc5df51f226bea4a8a703582d68475\" style=\"font-size:5rem;letter-spacing:2px;text-transform:uppercase\">akci<\/h1>\n<\/div><\/div>\n\n\n\n<div style=\"height:50px\" aria-hidden=\"true\" class=\"wp-block-spacer\"><\/div>\n\n\n<nav class=\"breadcrumb w-full container mb-6 sm:mb-12 text-blue-200\">\n    <ol class=\"inline-flex items-center space-x-1 md:space-x-2\">\n\t\t                        <li>\n                            <div class=\"flex items-center uppercase\" style=\"color:#05405D\">\n                                <a class=\"ms-1 text-xs md:text-sm\" href=\"https:\/\/www.therme-laa.at\/cs\/o-nas\/\" target=\"_self\">\n\t\t\t\t\t\t\t\t\tspole\u010dnost                                <\/a>\n                                <svg class=\"w-3 h-3 mx-1\" aria-hidden=\"true\" xmlns=\"http:\/\/www.w3.org\/2000\/svg\" fill=\"none\" viewBox=\"0 0 6 10\">\n                                    <path stroke=\"currentColor\" stroke-linecap=\"round\" stroke-linejoin=\"round\" stroke-width=\"2\" d=\"m1 9 4-4-4-4\"\/>\n                                <\/svg>\n                            <\/div>\n                        <\/li>\n\t\t\t\t\t                        <li>\n                            <div class=\"flex items-center uppercase\" style=\"color:#05405D\">\n                                <a class=\"ms-1 text-xs md:text-sm\" href=\"#\" target=\"_self\">\n\t\t\t\t\t\t\t\t\tPopt\u00e1vka akce                                <\/a>\n                                <svg class=\"w-3 h-3 mx-1\" aria-hidden=\"true\" xmlns=\"http:\/\/www.w3.org\/2000\/svg\" fill=\"none\" viewBox=\"0 0 6 10\">\n                                    <path stroke=\"currentColor\" stroke-linecap=\"round\" stroke-linejoin=\"round\" stroke-width=\"2\" d=\"m1 9 4-4-4-4\"\/>\n                                <\/svg>\n                            <\/div>\n                        <\/li>\n\t\t\t\t\t    <\/ol>\n<\/nav>\n\n\n<div class=\"wp-block-group alignwide is-layout-constrained wp-block-group-is-layout-constrained\">\n<div class=\"wp-block-columns page-has-side-nav is-layout-flex wp-container-core-columns-is-layout-9c22b1e3 wp-block-columns-is-layout-flex\">\n<div class=\"wp-block-column is-layout-flow wp-block-column-is-layout-flow\" style=\"flex-basis:33.33%\">\n<article class=\"wp-block-group is-layout-constrained wp-block-group-is-layout-constrained\" style=\"margin-top:0;margin-bottom:0\">\n<aside class=\"wp-block-group links page-has-side-nav is-vertical is-content-justification-left is-layout-flex wp-container-core-group-is-layout-72ea3a63 wp-block-group-is-layout-flex wp-container-1 is-position-sticky\" style=\"margin-top:0;margin-bottom:0;padding-top:var(--wp--preset--spacing--50)\">\n<p class=\"has-dch-blue-color has-text-color has-link-color has-dch-brandon-grotesque-regular-font-family has-medium-font-size wp-elements-8f8d09932c70d5f93459175e36737d91 wp-container-content-9cfa9a5a\"><a href=\"https:\/\/www.therme-laa.at\/cs\/o-nas\/\" data-type=\"page\" data-id=\"1953\">O N\u00c1S<\/a><\/p>\n\n\n\n<p class=\"has-dch-blue-color has-text-color has-link-color has-dch-brandon-grotesque-regular-font-family has-medium-font-size wp-elements-585875356d7cbad25dfe89e11f8be4ba wp-container-content-9cfa9a5a\"><a href=\"https:\/\/www.therme-laa.at\/cs\/kariera\/\" data-type=\"page\" data-id=\"4583\">Pr\u00e1ce a kari\u00e9ra<\/a><\/p>\n\n\n\n<p class=\"has-dch-blue-color has-text-color has-link-color has-dch-brandon-grotesque-regular-font-family has-medium-font-size wp-elements-b4bdb8fa5880d5884e3cfa22aeca64fe wp-container-content-9cfa9a5a\"><a href=\"https:\/\/www.therme-laa.at\/cs\/revizni-prace\/\" data-type=\"page\" data-id=\"2314\">Revizn\u00ed pr\u00e1ce<\/a><\/p>\n\n\n\n<p class=\"has-dch-blue-color has-text-color has-link-color has-dch-brandon-grotesque-regular-font-family has-medium-font-size wp-elements-a192cb156d26786babf0508fca72ca6e wp-container-content-9cfa9a5a\"><a href=\"\/udr&#x17E;itelnost a hospoda&#x159;en&#xED; s energi&#xED;\/\">UDR\u017dITELNOST &amp;  <\/a><br\/><a href=\"https:\/\/www.therme-laa.at\/cs\/udrzitelnost-a-energeticky-management\/\">\u0158\u00cdZEN\u00cd SPOT\u0158EBY ENERGIE<\/a><\/p>\n\n\n\n<p class=\"has-dch-blue-color has-text-color has-link-color has-dch-brandon-grotesque-regular-font-family has-medium-font-size wp-elements-c2208f74636e161d94a04c4d7f4c63f5 wp-container-content-9cfa9a5a\"><a href=\"https:\/\/www.therme-laa.at\/cs\/misto-a-prijezd\/\" data-type=\"page\" data-id=\"2411\">Um\u00edst\u011bn\u00ed &amp; p\u0159\u00edjezd<\/a><\/p>\n\n\n\n<p class=\"has-dch-blue-color has-text-color has-link-color has-dch-brandon-grotesque-regular-font-family has-medium-font-size wp-elements-d68cd3018e80425921c50a68268a69a6 wp-container-content-9cfa9a5a\"><a href=\"https:\/\/www.therme-laa.at\/cs\/zadost-o-akci\/\" data-type=\"page\" data-id=\"5570\">VY\u017dADUJTE UD\u00c1LOST<\/a><\/p>\n\n\n\n<p class=\"has-dch-blue-color has-text-color has-link-color has-dch-brandon-grotesque-regular-font-family has-medium-font-size wp-elements-86316390b9b39f9ee3016c562556faf3 wp-container-content-9cfa9a5a\"><a href=\"\/hotel-enquiries\/\" data-type=\"page\" data-id=\"5570\">HOTEL REQUEST<\/a><\/p>\n\n\n\n<p class=\"has-dch-blue-color has-text-color has-link-color has-dch-brandon-grotesque-regular-font-family has-medium-font-size wp-elements-c4f9686234a6eb38af182a503aa53d3f wp-container-content-9cfa9a5a\"><a href=\"\/subscribe-newsletter\/\" data-type=\"page\" data-id=\"3771\">P\u0158IHL\u00c1\u0160EN\u00cd K ODB\u011aRU NEWSLETTERU<\/a><\/p>\n\n\n\n<p class=\"has-dch-blue-color has-text-color has-link-color has-dch-brandon-grotesque-regular-font-family has-medium-font-size wp-elements-3f7227fd7ad528c475af67568ccd01d8 wp-container-content-9cfa9a5a\"><a href=\"https:\/\/www.therme-laa.at\/cs\/tisk\/\" data-type=\"page\" data-id=\"2349\">TISK<\/a><\/p>\n\n\n\n<p class=\"has-dch-blue-color has-text-color has-link-color has-dch-brandon-grotesque-regular-font-family has-medium-font-size wp-elements-46cd9c39ebcf4631a0020aea8602c3b1 wp-container-content-9cfa9a5a\"><a href=\"https:\/\/www.therme-laa.at\/cs\/faq\/\" data-type=\"page\" data-id=\"1891\">FAQ<\/a><\/p>\n\n\n\n<p class=\"has-dch-blue-color has-text-color has-link-color has-dch-brandon-grotesque-regular-font-family has-medium-font-size wp-elements-3658b943832dcbac605b13c997d205d7 wp-container-content-9cfa9a5a\"><a href=\"https:\/\/www.therme-laa.at\/cs\/kontakt\/\" data-type=\"page\" data-id=\"161\">KONTAKT<\/a><\/p>\n<\/aside>\n<\/article>\n<\/div>\n\n\n\n<div class=\"wp-block-column is-layout-flow wp-block-column-is-layout-flow\" style=\"flex-basis:66.66%\">\n<div style=\"background-image:url(&apos;https:\/\/www.therme-laa.at\/wp-content\/uploads\/2023\/12\/karriere_2x-scaled.webp&apos;);background-size:cover;\" class=\"wp-block-group alignwide is-layout-constrained wp-container-core-group-is-layout-fc54cf0f wp-block-group-is-layout-constrained has-background\" id=\"contact\">\n<div style=\"height:40px\" aria-hidden=\"true\" class=\"wp-block-spacer\"><\/div>\n\n\n\n<div class=\"wp-block-columns alignwide has-dch-white-background-color has-background is-layout-flex wp-container-core-columns-is-layout-cad298ab wp-block-columns-is-layout-flex\" style=\"padding-right:var(--wp--preset--spacing--60);padding-left:var(--wp--preset--spacing--60)\">\n<div class=\"wp-block-column is-layout-flow wp-block-column-is-layout-flow\">\n<h3 class=\"wp-block-heading has-text-align-left has-dch-gold-color has-text-color has-link-color has-xx-large-font-size wp-elements-35e9e7ef592bd029e522e595405325ce\" id=\"gutscheine\" style=\"padding-top:var(--wp--preset--spacing--60);padding-bottom:0;padding-left:0\">Va\u0161e popt\u00e1vka<\/h3>\n\n\n\n<p class=\"has-dch-brandon-grotesque-regular-font-family has-medium-font-size\" style=\"margin-top:var(--wp--preset--spacing--40);margin-right:0;margin-bottom:0;margin-left:0\">Jednodu\u0161e a nez\u00e1vazn\u011b si vy\u017e\u00e1dejte informace.<\/p>\n\n\n\n<div style=\"height:40px\" aria-hidden=\"true\" class=\"wp-block-spacer\"><\/div>\n\n\n<div class=\"wpforms-container wpforms-container-full wpforms-block wpforms-block-3f9aacd7-2290-474d-aa89-2fedd2547df1 hotel-form wpforms-render-modern\" id=\"wpforms-13002\"><form id=\"wpforms-form-13002\" class=\"wpforms-validate wpforms-form wpforms-ajax-form\" data-formid=\"13002\" method=\"post\" enctype=\"multipart\/form-data\" action=\"\/cs\/wp-json\/wp\/v2\/pages\/12561\" data-token=\"41b0fe28324470f3c5ca61e037a80f14\" data-token-time=\"1777522042\"><noscript class=\"wpforms-error-noscript\">Chcete-li vyplnit tento formul\u00e1\u0159, pros\u00edm povolte v prohl\u00ed\u017ee\u010di JavaScript.<\/noscript><div class=\"wpforms-hidden\" id=\"wpforms-error-noscript\">Chcete-li vyplnit tento formul\u00e1\u0159, pros\u00edm povolte v prohl\u00ed\u017ee\u010di JavaScript.<\/div><div class=\"wpforms-field-container\"><div id=\"wpforms-13002-field_38-container\" class=\"wpforms-field wpforms-field-select wpforms-field-select-style-modern\" data-field-id=\"38\"><label class=\"wpforms-field-label\" for=\"wpforms-13002-field_38\">D\u016fvod dotazu <span class=\"wpforms-required-label\" aria-hidden=\"true\">*<\/span><\/label><select id=\"wpforms-13002-field_38\" class=\"wpforms-field-large wpforms-field-required choicesjs-select\" data-size-class=\"wpforms-field-row wpforms-field-large\" data-search-enabled=\"\" name=\"wpforms[fields][38]\" required=\"required\"><option value=\"\" class=\"placeholder\" disabled  selected='selected'><\/option><option value=\"Obchodn\u00ed\" >Obchodn\u00ed<\/option><option value=\"Soukrom\u00e9\" >Soukrom\u00e9<\/option><\/select><\/div><div id=\"wpforms-13002-field_16-container\" class=\"wpforms-field wpforms-field-divider uppercase\" data-field-id=\"16\"><h3 id=\"wpforms-13002-field_16\" aria-errormessage=\"wpforms-13002-field_16-error\">Po\u017eadovan\u00e9 datum<\/h3><\/div><div id=\"wpforms-13002-field_5-container\" class=\"wpforms-field wpforms-field-layout\" data-field-id=\"5\"><div class=\"wpforms-field-layout-columns wpforms-field-layout-preset-50-50\"><div class=\"wpforms-layout-column wpforms-layout-column-50\" ><div id=\"wpforms-13002-field_7-container\" class=\"wpforms-field wpforms-field-date-time arrivel-date\" data-field-id=\"7\"><label class=\"wpforms-field-label\" for=\"wpforms-13002-field_7\">Den p\u0159\u00edjezdu <span class=\"wpforms-required-label\" aria-hidden=\"true\">*<\/span><\/label><div class=\"wpforms-datepicker-wrap\"><input type=\"text\" id=\"wpforms-13002-field_7\" class=\"wpforms-field-date-time-date wpforms-datepicker wpforms-field-required wpforms-field-medium\" data-date-format=\"d.m.Y\" data-disable-past-dates=\"1\" data-disable-todays-date=\"0\" data-input=\"true\" name=\"wpforms[fields][7][date]\" placeholder=\"DD.MM.RRRR\" aria-errormessage=\"wpforms-13002-field_7-error\" required><a title=\"Clear Date\" data-clear class=\"wpforms-datepicker-clear\" style=\"display:none;\"><\/a><\/div><\/div><\/div><div class=\"wpforms-layout-column wpforms-layout-column-50\" ><div id=\"wpforms-13002-field_9-container\" class=\"wpforms-field wpforms-field-date-time depart-date\" data-field-id=\"9\"><label class=\"wpforms-field-label\" for=\"wpforms-13002-field_9\">Den odjezdu <span class=\"wpforms-required-label\" aria-hidden=\"true\">*<\/span><\/label><div class=\"wpforms-datepicker-wrap\"><input type=\"text\" id=\"wpforms-13002-field_9\" class=\"wpforms-field-date-time-date wpforms-datepicker wpforms-field-required wpforms-field-medium\" data-date-format=\"d.m.Y\" data-disable-past-dates=\"1\" data-disable-todays-date=\"0\" data-input=\"true\" name=\"wpforms[fields][9][date]\" placeholder=\"DD.MM.RRRR\" aria-errormessage=\"wpforms-13002-field_9-error\" required><a title=\"Clear Date\" data-clear class=\"wpforms-datepicker-clear\" style=\"display:none;\"><\/a><\/div><\/div><\/div><\/div><\/div><div id=\"wpforms-13002-field_50-container\" class=\"wpforms-field wpforms-field-divider uppercase\" data-field-id=\"50\"><h3 id=\"wpforms-13002-field_50\" aria-errormessage=\"wpforms-13002-field_50-error\">\u00da\u010cASTN\u00cdCI A POKOJE *<\/h3><\/div><div id=\"wpforms-13002-field_51-container\" class=\"wpforms-field wpforms-field-select wpforms-field-select-style-modern\" data-field-id=\"51\"><label class=\"wpforms-field-label\" for=\"wpforms-13002-field_51\">Po\u010det \u00fa\u010dastn\u00edk\u016f <span class=\"wpforms-required-label\" aria-hidden=\"true\">*<\/span><\/label><select id=\"wpforms-13002-field_51\" class=\"wpforms-field-large wpforms-field-required choicesjs-select\" data-size-class=\"wpforms-field-row wpforms-field-large\" data-search-enabled=\"\" name=\"wpforms[fields][51]\" required=\"required\"><option value=\"\" class=\"placeholder\" disabled  selected='selected'><\/option><option value=\"0\" >0<\/option><option value=\"1\" >1<\/option><option value=\"2\" >2<\/option><option value=\"3\" >3<\/option><option value=\"4\" >4<\/option><option value=\"V\u00edce na\" >V\u00edce na<\/option><\/select><\/div><div id=\"wpforms-13002-field_61-container\" class=\"wpforms-field wpforms-field-divider\" data-field-id=\"61\"><h3 id=\"wpforms-13002-field_61\" aria-errormessage=\"wpforms-13002-field_61-error\">Osobn\u00ed \u00fadaje<\/h3><\/div><div id=\"wpforms-13002-field_62-container\" class=\"wpforms-field wpforms-field-layout\" data-field-id=\"62\"><div class=\"wpforms-field-layout-columns wpforms-field-layout-preset-100\"><div class=\"wpforms-layout-column wpforms-layout-column-100\" ><div id=\"wpforms-13002-field_42-container\" class=\"wpforms-field wpforms-field-select wpforms-field-select-style-classic\" data-field-id=\"42\"><label class=\"wpforms-field-label\" for=\"wpforms-13002-field_42\">Osloven\u00ed <span class=\"wpforms-required-label\" aria-hidden=\"true\">*<\/span><\/label><select id=\"wpforms-13002-field_42\" class=\"wpforms-field-large wpforms-field-required\" name=\"wpforms[fields][42]\" required=\"required\"><option value=\"Pan\" >Pan<\/option><option value=\"Pan\u00ed\" >Pan\u00ed<\/option><option value=\"Diverzn\u00ed\" >Diverzn\u00ed<\/option><\/select><\/div><div id=\"wpforms-13002-field_21-container\" class=\"wpforms-field wpforms-field-text\" data-field-id=\"21\"><label class=\"wpforms-field-label\" for=\"wpforms-13002-field_21\">Jm\u00e9no <span class=\"wpforms-required-label\" aria-hidden=\"true\">*<\/span><\/label><input type=\"text\" id=\"wpforms-13002-field_21\" class=\"wpforms-field-large wpforms-field-required\" name=\"wpforms[fields][21]\" placeholder=\"Jm\u00e9no\" aria-errormessage=\"wpforms-13002-field_21-error\" required><\/div><div id=\"wpforms-13002-field_22-container\" class=\"wpforms-field wpforms-field-text\" data-field-id=\"22\"><label class=\"wpforms-field-label\" for=\"wpforms-13002-field_22\">P\u0159\u00edjmen\u00ed <span class=\"wpforms-required-label\" aria-hidden=\"true\">*<\/span><\/label><input type=\"text\" id=\"wpforms-13002-field_22\" class=\"wpforms-field-large wpforms-field-required\" name=\"wpforms[fields][22]\" placeholder=\"P\u0159\u00edjmen\u00ed\" aria-errormessage=\"wpforms-13002-field_22-error\" required><\/div><div id=\"wpforms-13002-field_64-container\" class=\"wpforms-field wpforms-field-text\" data-field-id=\"64\"><label class=\"wpforms-field-label\" for=\"wpforms-13002-field_64\">N\u00e1zev spole\u010dnosti<\/label><input type=\"text\" id=\"wpforms-13002-field_64\" class=\"wpforms-field-large\" name=\"wpforms[fields][64]\" aria-errormessage=\"wpforms-13002-field_64-error\" ><\/div><\/div><\/div><\/div><div id=\"wpforms-13002-field_23-container\" class=\"wpforms-field wpforms-field-email\" data-field-id=\"23\"><label class=\"wpforms-field-label\" for=\"wpforms-13002-field_23\">e-mail <span class=\"wpforms-required-label\" aria-hidden=\"true\">*<\/span><\/label><input type=\"email\" id=\"wpforms-13002-field_23\" class=\"wpforms-field-large wpforms-field-required\" name=\"wpforms[fields][23]\" placeholder=\"muster@therme-laa.at\" spellcheck=\"false\" aria-errormessage=\"wpforms-13002-field_23-error\" required><\/div><div id=\"wpforms-13002-field_24-container\" class=\"wpforms-field wpforms-field-phone\" data-field-id=\"24\"><label class=\"wpforms-field-label\" for=\"wpforms-13002-field_24\">Telefonn\u00ed \u010d\u00edslo <span class=\"wpforms-required-label\" aria-hidden=\"true\">*<\/span><\/label><input type=\"tel\" id=\"wpforms-13002-field_24\" class=\"wpforms-field-large wpforms-field-required\" data-rule-int-phone-field=\"true\" name=\"wpforms[fields][24]\" placeholder=\"Telefonn\u00ed \u010d\u00edslo\" aria-label=\"Telefonn\u00ed \u010d\u00edslo\" aria-errormessage=\"wpforms-13002-field_24-error\" required><\/div><div id=\"wpforms-13002-field_26-container\" class=\"wpforms-field wpforms-field-textarea\" data-field-id=\"26\"><label class=\"wpforms-field-label\" for=\"wpforms-13002-field_26\">Zpr\u00e1va<\/label><textarea id=\"wpforms-13002-field_26\" class=\"wpforms-field-medium wpforms-limit-words-enabled\" data-form-id=\"13002\" data-field-id=\"26\" data-text-limit=\"500\" name=\"wpforms[fields][26]\" aria-errormessage=\"wpforms-13002-field_26-error\" ><\/textarea><\/div><div id=\"wpforms-13002-field_44-container\" class=\"wpforms-field wpforms-field-checkbox\" data-field-id=\"44\"><fieldset><legend class=\"wpforms-field-label wpforms-label-hide\" aria-hidden=\"false\">ochrana \u00fadaj\u016f <span class=\"wpforms-required-label\" aria-hidden=\"true\">*<\/span><\/legend><ul id=\"wpforms-13002-field_44\" class=\"wpforms-field-required\"><li class=\"choice-1 depth-1\"><input type=\"checkbox\" id=\"wpforms-13002-field_44_1\" name=\"wpforms[fields][44][]\" value=\"Souhlas\u00edm se z\u00e1sadami ochrany osobn\u00edch \u00fadaj\u016f*\" aria-errormessage=\"wpforms-13002-field_44_1-error\" required ><label class=\"wpforms-field-label-inline\" for=\"wpforms-13002-field_44_1\">Souhlas\u00edm se z\u00e1sadami ochrany osobn\u00edch \u00fadaj\u016f*<\/label><\/li><\/ul><\/fieldset><\/div><div id=\"wpforms-13002-field_63-container\" class=\"wpforms-field wpforms-field-checkbox\" data-field-id=\"63\"><fieldset><legend class=\"wpforms-field-label wpforms-label-hide\" aria-hidden=\"false\">newsletter<\/legend><ul id=\"wpforms-13002-field_63\"><li class=\"choice-2 depth-1\"><input type=\"checkbox\" id=\"wpforms-13002-field_63_2\" name=\"wpforms[fields][63][]\" value=\"Chci pravideln\u011b dost\u00e1vat propaga\u010dn\u00ed akce a novinky prost\u0159ednictv\u00edm newsletteru\" aria-errormessage=\"wpforms-13002-field_63_2-error\"  ><label class=\"wpforms-field-label-inline\" for=\"wpforms-13002-field_63_2\">Chci pravideln\u011b dost\u00e1vat propaga\u010dn\u00ed akce a novinky prost\u0159ednictv\u00edm newsletteru<\/label><\/li><\/ul><\/fieldset><\/div><\/div><!-- .wpforms-field-container --><div class=\"wpforms-recaptcha-container wpforms-is-recaptcha wpforms-is-recaptcha-type-v3\" ><input type=\"hidden\" name=\"wpforms[recaptcha]\" value=\"\"><\/div><div class=\"wpforms-submit-container\" ><input type=\"hidden\" name=\"wpforms[id]\" value=\"13002\"><input type=\"hidden\" name=\"page_title\" value=\"\"><input type=\"hidden\" name=\"page_url\" value=\"https:\/\/www.therme-laa.at\/cs\/wp-json\/wp\/v2\/pages\/12561\"><input type=\"hidden\" name=\"url_referer\" value=\"\"><button type=\"submit\" name=\"wpforms[submit]\" id=\"wpforms-submit-13002\" class=\"wpforms-submit submit\" data-alt-text=\"Odesl\u00e1n\u00ed...\" data-submit-text=\"Odeslat zpr\u00e1vu\" aria-live=\"assertive\" value=\"wpforms-submit\">Odeslat zpr\u00e1vu<\/button><img loading=\"lazy\" decoding=\"async\" src=\"https:\/\/www.therme-laa.at\/wp-content\/plugins\/wpforms\/assets\/images\/submit-spin.svg\" class=\"wpforms-submit-spinner\" style=\"display: none;\" width=\"26\" height=\"26\" alt=\"Na\u010d\u00edt\u00e1n\u00ed\"><\/div><\/form><\/div>  <!-- .wpforms-container -->\n\n\n<div style=\"height:40px\" aria-hidden=\"true\" class=\"wp-block-spacer\"><\/div>\n<\/div>\n<\/div>\n\n\n\n<div style=\"height:40px\" aria-hidden=\"true\" class=\"wp-block-spacer\"><\/div>\n<\/div>\n<\/div>\n<\/div>\n<\/div>\n","protected":false},"excerpt":{"rendered":"","protected":false},"author":2,"featured_media":0,"parent":0,"menu_order":0,"comment_status":"closed","ping_status":"closed","template":"","meta":{"_acf_changed":false,"footnotes":""},"class_list":["post-12561","page","type-page","status-publish","hentry"],"acf":[],"_links":{"self":[{"href":"https:\/\/www.therme-laa.at\/cs\/wp-json\/wp\/v2\/pages\/12561","targetHints":{"allow":["GET"]}}],"collection":[{"href":"https:\/\/www.therme-laa.at\/cs\/wp-json\/wp\/v2\/pages"}],"about":[{"href":"https:\/\/www.therme-laa.at\/cs\/wp-json\/wp\/v2\/types\/page"}],"author":[{"embeddable":true,"href":"https:\/\/www.therme-laa.at\/cs\/wp-json\/wp\/v2\/users\/2"}],"replies":[{"embeddable":true,"href":"https:\/\/www.therme-laa.at\/cs\/wp-json\/wp\/v2\/comments?post=12561"}],"version-history":[{"count":10,"href":"https:\/\/www.therme-laa.at\/cs\/wp-json\/wp\/v2\/pages\/12561\/revisions"}],"predecessor-version":[{"id":17426,"href":"https:\/\/www.therme-laa.at\/cs\/wp-json\/wp\/v2\/pages\/12561\/revisions\/17426"}],"wp:attachment":[{"href":"https:\/\/www.therme-laa.at\/cs\/wp-json\/wp\/v2\/media?parent=12561"}],"curies":[{"name":"wp","href":"https:\/\/api.w.org\/{rel}","templated":true}]}}